{"id":66,"date":"2024-03-10T21:50:57","date_gmt":"2024-03-10T21:50:57","guid":{"rendered":"https:\/\/zukunftimelsental.de\/?page_id=66"},"modified":"2025-05-22T19:46:31","modified_gmt":"2025-05-22T19:46:31","slug":"hommage-an-das-elsental","status":"publish","type":"page","link":"https:\/\/zukunftimelsental.de\/?page_id=66","title":{"rendered":"Hommage an das Elsental"},"content":{"rendered":"\t\t<div data-elementor-type=\"wp-page\" data-elementor-id=\"66\" class=\"elementor elementor-66\">\n\t\t\t\t<div class=\"elementor-element elementor-element-4796e47 e-con-full e-flex e-con e-parent\" data-id=\"4796e47\" data-element_type=\"container\" data-settings=\"{&quot;background_background&quot;:&quot;classic&quot;}\">\n\t\t<div class=\"elementor-element elementor-element-6257627 e-con-full e-flex e-con e-child\" data-id=\"6257627\" data-element_type=\"container\">\n\t\t\t\t<div class=\"elementor-element elementor-element-f4575ec elementor-widget elementor-widget-image\" data-id=\"f4575ec\" data-element_type=\"widget\" data-widget_type=\"image.default\">\n\t\t\t\t<div class=\"elementor-widget-container\">\n\t\t\t\t\t\t\t\t\t\t\t\t\t\t\t<img fetchpriority=\"high\" decoding=\"async\" width=\"768\" height=\"74\" src=\"https:\/\/zukunftimelsental.de\/wp-content\/uploads\/2024\/03\/Kopf-768x74.png\" class=\"attachment-medium_large size-medium_large wp-image-99\" alt=\"\" srcset=\"https:\/\/zukunftimelsental.de\/wp-content\/uploads\/2024\/03\/Kopf-768x74.png 768w, https:\/\/zukunftimelsental.de\/wp-content\/uploads\/2024\/03\/Kopf-300x29.png 300w, https:\/\/zukunftimelsental.de\/wp-content\/uploads\/2024\/03\/Kopf-1024x98.png 1024w, https:\/\/zukunftimelsental.de\/wp-content\/uploads\/2024\/03\/Kopf.png 1284w\" sizes=\"(max-width: 768px) 100vw, 768px\" \/>\t\t\t\t\t\t\t\t\t\t\t\t\t\t\t<\/div>\n\t\t\t\t<\/div>\n\t\t\t\t<\/div>\n\t\t<div class=\"elementor-element elementor-element-51fb9c8 e-con-full e-flex e-con e-child\" data-id=\"51fb9c8\" data-element_type=\"container\">\n\t\t\t\t<div class=\"elementor-element elementor-element-935d0c4 hfe-nav-menu__align-right elementor-widget__width-initial hfe-submenu-icon-plus hfe-submenu-animation-none hfe-link-redirect-child hfe-nav-menu__breakpoint-tablet elementor-widget elementor-widget-navigation-menu\" data-id=\"935d0c4\" data-element_type=\"widget\" data-settings=\"{&quot;padding_horizontal_menu_item&quot;:{&quot;unit&quot;:&quot;px&quot;,&quot;size&quot;:15,&quot;sizes&quot;:[]},&quot;padding_horizontal_menu_item_tablet&quot;:{&quot;unit&quot;:&quot;px&quot;,&quot;size&quot;:&quot;&quot;,&quot;sizes&quot;:[]},&quot;padding_horizontal_menu_item_mobile&quot;:{&quot;unit&quot;:&quot;px&quot;,&quot;size&quot;:&quot;&quot;,&quot;sizes&quot;:[]},&quot;padding_vertical_menu_item&quot;:{&quot;unit&quot;:&quot;px&quot;,&quot;size&quot;:15,&quot;sizes&quot;:[]},&quot;padding_vertical_menu_item_tablet&quot;:{&quot;unit&quot;:&quot;px&quot;,&quot;size&quot;:&quot;&quot;,&quot;sizes&quot;:[]},&quot;padding_vertical_menu_item_mobile&quot;:{&quot;unit&quot;:&quot;px&quot;,&quot;size&quot;:&quot;&quot;,&quot;sizes&quot;:[]},&quot;menu_space_between&quot;:{&quot;unit&quot;:&quot;px&quot;,&quot;size&quot;:&quot;&quot;,&quot;sizes&quot;:[]},&quot;menu_space_between_tablet&quot;:{&quot;unit&quot;:&quot;px&quot;,&quot;size&quot;:&quot;&quot;,&quot;sizes&quot;:[]},&quot;menu_space_between_mobile&quot;:{&quot;unit&quot;:&quot;px&quot;,&quot;size&quot;:&quot;&quot;,&quot;sizes&quot;:[]},&quot;menu_row_space&quot;:{&quot;unit&quot;:&quot;px&quot;,&quot;size&quot;:&quot;&quot;,&quot;sizes&quot;:[]},&quot;menu_row_space_tablet&quot;:{&quot;unit&quot;:&quot;px&quot;,&quot;size&quot;:&quot;&quot;,&quot;sizes&quot;:[]},&quot;menu_row_space_mobile&quot;:{&quot;unit&quot;:&quot;px&quot;,&quot;size&quot;:&quot;&quot;,&quot;sizes&quot;:[]},&quot;dropdown_border_radius&quot;:{&quot;unit&quot;:&quot;px&quot;,&quot;top&quot;:&quot;&quot;,&quot;right&quot;:&quot;&quot;,&quot;bottom&quot;:&quot;&quot;,&quot;left&quot;:&quot;&quot;,&quot;isLinked&quot;:true},&quot;dropdown_border_radius_tablet&quot;:{&quot;unit&quot;:&quot;px&quot;,&quot;top&quot;:&quot;&quot;,&quot;right&quot;:&quot;&quot;,&quot;bottom&quot;:&quot;&quot;,&quot;left&quot;:&quot;&quot;,&quot;isLinked&quot;:true},&quot;dropdown_border_radius_mobile&quot;:{&quot;unit&quot;:&quot;px&quot;,&quot;top&quot;:&quot;&quot;,&quot;right&quot;:&quot;&quot;,&quot;bottom&quot;:&quot;&quot;,&quot;left&quot;:&quot;&quot;,&quot;isLinked&quot;:true},&quot;width_dropdown_item&quot;:{&quot;unit&quot;:&quot;px&quot;,&quot;size&quot;:&quot;220&quot;,&quot;sizes&quot;:[]},&quot;width_dropdown_item_tablet&quot;:{&quot;unit&quot;:&quot;px&quot;,&quot;size&quot;:&quot;&quot;,&quot;sizes&quot;:[]},&quot;width_dropdown_item_mobile&quot;:{&quot;unit&quot;:&quot;px&quot;,&quot;size&quot;:&quot;&quot;,&quot;sizes&quot;:[]},&quot;padding_horizontal_dropdown_item&quot;:{&quot;unit&quot;:&quot;px&quot;,&quot;size&quot;:&quot;&quot;,&quot;sizes&quot;:[]},&quot;padding_horizontal_dropdown_item_tablet&quot;:{&quot;unit&quot;:&quot;px&quot;,&quot;size&quot;:&quot;&quot;,&quot;sizes&quot;:[]},&quot;padding_horizontal_dropdown_item_mobile&quot;:{&quot;unit&quot;:&quot;px&quot;,&quot;size&quot;:&quot;&quot;,&quot;sizes&quot;:[]},&quot;padding_vertical_dropdown_item&quot;:{&quot;unit&quot;:&quot;px&quot;,&quot;size&quot;:15,&quot;sizes&quot;:[]},&quot;padding_vertical_dropdown_item_tablet&quot;:{&quot;unit&quot;:&quot;px&quot;,&quot;size&quot;:&quot;&quot;,&quot;sizes&quot;:[]},&quot;padding_vertical_dropdown_item_mobile&quot;:{&quot;unit&quot;:&quot;px&quot;,&quot;size&quot;:&quot;&quot;,&quot;sizes&quot;:[]},&quot;distance_from_menu&quot;:{&quot;unit&quot;:&quot;px&quot;,&quot;size&quot;:&quot;&quot;,&quot;sizes&quot;:[]},&quot;distance_from_menu_tablet&quot;:{&quot;unit&quot;:&quot;px&quot;,&quot;size&quot;:&quot;&quot;,&quot;sizes&quot;:[]},&quot;distance_from_menu_mobile&quot;:{&quot;unit&quot;:&quot;px&quot;,&quot;size&quot;:&quot;&quot;,&quot;sizes&quot;:[]},&quot;toggle_size&quot;:{&quot;unit&quot;:&quot;px&quot;,&quot;size&quot;:&quot;&quot;,&quot;sizes&quot;:[]},&quot;toggle_size_tablet&quot;:{&quot;unit&quot;:&quot;px&quot;,&quot;size&quot;:&quot;&quot;,&quot;sizes&quot;:[]},&quot;toggle_size_mobile&quot;:{&quot;unit&quot;:&quot;px&quot;,&quot;size&quot;:&quot;&quot;,&quot;sizes&quot;:[]},&quot;toggle_border_width&quot;:{&quot;unit&quot;:&quot;px&quot;,&quot;size&quot;:&quot;&quot;,&quot;sizes&quot;:[]},&quot;toggle_border_width_tablet&quot;:{&quot;unit&quot;:&quot;px&quot;,&quot;size&quot;:&quot;&quot;,&quot;sizes&quot;:[]},&quot;toggle_border_width_mobile&quot;:{&quot;unit&quot;:&quot;px&quot;,&quot;size&quot;:&quot;&quot;,&quot;sizes&quot;:[]},&quot;toggle_border_radius&quot;:{&quot;unit&quot;:&quot;px&quot;,&quot;size&quot;:&quot;&quot;,&quot;sizes&quot;:[]},&quot;toggle_border_radius_tablet&quot;:{&quot;unit&quot;:&quot;px&quot;,&quot;size&quot;:&quot;&quot;,&quot;sizes&quot;:[]},&quot;toggle_border_radius_mobile&quot;:{&quot;unit&quot;:&quot;px&quot;,&quot;size&quot;:&quot;&quot;,&quot;sizes&quot;:[]}}\" data-widget_type=\"navigation-menu.default\">\n\t\t\t\t<div class=\"elementor-widget-container\">\n\t\t\t\t\t\t\t\t<div class=\"hfe-nav-menu hfe-layout-horizontal hfe-nav-menu-layout horizontal hfe-pointer__none\" data-layout=\"horizontal\">\n\t\t\t\t<div role=\"button\" class=\"hfe-nav-menu__toggle elementor-clickable\" tabindex=\"0\" aria-label=\"Menu Toggle\">\n\t\t\t\t\t<span class=\"screen-reader-text\">Men\u00fc<\/span>\n\t\t\t\t\t<div class=\"hfe-nav-menu-icon\">\n\t\t\t\t\t\t<svg aria-hidden=\"true\"  class=\"e-font-icon-svg e-fas-bars\" viewBox=\"0 0 448 512\" xmlns=\"http:\/\/www.w3.org\/2000\/svg\"><path d=\"M16 132h416c8.837 0 16-7.163 16-16V76c0-8.837-7.163-16-16-16H16C7.163 60 0 67.163 0 76v40c0 8.837 7.163 16 16 16zm0 160h416c8.837 0 16-7.163 16-16v-40c0-8.837-7.163-16-16-16H16c-8.837 0-16 7.163-16 16v40c0 8.837 7.163 16 16 16zm0 160h416c8.837 0 16-7.163 16-16v-40c0-8.837-7.163-16-16-16H16c-8.837 0-16 7.163-16 16v40c0 8.837 7.163 16 16 16z\"><\/path><\/svg>\t\t\t\t\t<\/div>\n\t\t\t\t<\/div>\n\t\t\t\t<nav class=\"hfe-nav-menu__layout-horizontal hfe-nav-menu__submenu-plus\" data-toggle-icon=\"&lt;svg aria-hidden=&quot;true&quot; tabindex=&quot;0&quot; class=&quot;e-font-icon-svg e-fas-bars&quot; viewBox=&quot;0 0 448 512&quot; xmlns=&quot;http:\/\/www.w3.org\/2000\/svg&quot;&gt;&lt;path d=&quot;M16 132h416c8.837 0 16-7.163 16-16V76c0-8.837-7.163-16-16-16H16C7.163 60 0 67.163 0 76v40c0 8.837 7.163 16 16 16zm0 160h416c8.837 0 16-7.163 16-16v-40c0-8.837-7.163-16-16-16H16c-8.837 0-16 7.163-16 16v40c0 8.837 7.163 16 16 16zm0 160h416c8.837 0 16-7.163 16-16v-40c0-8.837-7.163-16-16-16H16c-8.837 0-16 7.163-16 16v40c0 8.837 7.163 16 16 16z&quot;&gt;&lt;\/path&gt;&lt;\/svg&gt;\" data-close-icon=\"&lt;svg aria-hidden=&quot;true&quot; tabindex=&quot;0&quot; class=&quot;e-font-icon-svg e-far-window-close&quot; viewBox=&quot;0 0 512 512&quot; xmlns=&quot;http:\/\/www.w3.org\/2000\/svg&quot;&gt;&lt;path d=&quot;M464 32H48C21.5 32 0 53.5 0 80v352c0 26.5 21.5 48 48 48h416c26.5 0 48-21.5 48-48V80c0-26.5-21.5-48-48-48zm0 394c0 3.3-2.7 6-6 6H54c-3.3 0-6-2.7-6-6V86c0-3.3 2.7-6 6-6h404c3.3 0 6 2.7 6 6v340zM356.5 194.6L295.1 256l61.4 61.4c4.6 4.6 4.6 12.1 0 16.8l-22.3 22.3c-4.6 4.6-12.1 4.6-16.8 0L256 295.1l-61.4 61.4c-4.6 4.6-12.1 4.6-16.8 0l-22.3-22.3c-4.6-4.6-4.6-12.1 0-16.8l61.4-61.4-61.4-61.4c-4.6-4.6-4.6-12.1 0-16.8l22.3-22.3c4.6-4.6 12.1-4.6 16.8 0l61.4 61.4 61.4-61.4c4.6-4.6 12.1-4.6 16.8 0l22.3 22.3c4.7 4.6 4.7 12.1 0 16.8z&quot;&gt;&lt;\/path&gt;&lt;\/svg&gt;\" data-full-width=\"yes\">\n\t\t\t\t\t<ul id=\"menu-1-935d0c4\" class=\"hfe-nav-menu\"><li id=\"menu-item-73\" class=\"menu-item menu-item-type-post_type menu-item-object-page menu-item-home parent hfe-creative-menu\"><a href=\"https:\/\/zukunftimelsental.de\/\" class = \"hfe-menu-item\">Startseite<\/a><\/li>\n<li id=\"menu-item-71\" class=\"menu-item menu-item-type-post_type menu-item-object-page menu-item-has-children parent hfe-has-submenu hfe-creative-menu\"><div class=\"hfe-has-submenu-container\" tabindex=\"0\" role=\"button\" aria-haspopup=\"true\" aria-expanded=\"false\"><a aria-expanded=\"false\" href=\"https:\/\/zukunftimelsental.de\/?page_id=58\" class = \"hfe-menu-item\">Der Verein<span class='hfe-menu-toggle sub-arrow hfe-menu-child-0'><i class='fa'><\/i><\/span><\/a><\/div>\n<ul class=\"sub-menu\">\n\t<li id=\"menu-item-262\" class=\"menu-item menu-item-type-post_type menu-item-object-page hfe-creative-menu\"><a href=\"https:\/\/zukunftimelsental.de\/?page_id=260\" class = \"hfe-sub-menu-item\">Spenden<\/a><\/li>\n\t<li id=\"menu-item-263\" class=\"menu-item menu-item-type-post_type menu-item-object-page hfe-creative-menu\"><a href=\"https:\/\/zukunftimelsental.de\/?page_id=258\" class = \"hfe-sub-menu-item\">Satzung<\/a><\/li>\n<\/ul>\n<\/li>\n<li id=\"menu-item-68\" class=\"menu-item menu-item-type-post_type menu-item-object-page menu-item-has-children parent hfe-has-submenu hfe-creative-menu\"><div class=\"hfe-has-submenu-container\" tabindex=\"0\" role=\"button\" aria-haspopup=\"true\" aria-expanded=\"false\"><a aria-expanded=\"false\" href=\"https:\/\/zukunftimelsental.de\/?page_id=60\" class = \"hfe-menu-item\">Wie alles begann<span class='hfe-menu-toggle sub-arrow hfe-menu-child-0'><i class='fa'><\/i><\/span><\/a><\/div>\n<ul class=\"sub-menu\">\n\t<li id=\"menu-item-305\" class=\"menu-item menu-item-type-post_type menu-item-object-page hfe-creative-menu\"><a href=\"https:\/\/zukunftimelsental.de\/?page_id=292\" class = \"hfe-sub-menu-item\">Der Zeitgeist<\/a><\/li>\n\t<li id=\"menu-item-303\" class=\"menu-item menu-item-type-post_type menu-item-object-page hfe-creative-menu\"><a href=\"https:\/\/zukunftimelsental.de\/?page_id=294\" class = \"hfe-sub-menu-item\">Pamphlete aus der Gr\u00fcndungszeit<\/a><\/li>\n\t<li id=\"menu-item-304\" class=\"menu-item menu-item-type-post_type menu-item-object-page hfe-creative-menu\"><a href=\"https:\/\/zukunftimelsental.de\/?page_id=296\" class = \"hfe-sub-menu-item\">Generationenwechsel<\/a><\/li>\n\t<li id=\"menu-item-306\" class=\"menu-item menu-item-type-post_type menu-item-object-page hfe-creative-menu\"><a href=\"https:\/\/zukunftimelsental.de\/?page_id=298\" class = \"hfe-sub-menu-item\">Impulse der Gr\u00fcndungszeit<\/a><\/li>\n\t<li id=\"menu-item-302\" class=\"menu-item menu-item-type-post_type menu-item-object-page hfe-creative-menu\"><a href=\"https:\/\/zukunftimelsental.de\/?page_id=300\" class = \"hfe-sub-menu-item\">P\u00e4dagogische Ideen<\/a><\/li>\n<\/ul>\n<\/li>\n<li id=\"menu-item-72\" class=\"menu-item menu-item-type-post_type menu-item-object-page parent hfe-creative-menu\"><a href=\"https:\/\/zukunftimelsental.de\/?page_id=62\" class = \"hfe-menu-item\">Biographisches<\/a><\/li>\n<li id=\"menu-item-69\" class=\"menu-item menu-item-type-post_type menu-item-object-page parent hfe-creative-menu\"><a href=\"https:\/\/zukunftimelsental.de\/?page_id=64\" class = \"hfe-menu-item\">Lieder zu den Jahreszeiten<\/a><\/li>\n<li id=\"menu-item-70\" class=\"menu-item menu-item-type-post_type menu-item-object-page parent hfe-creative-menu\"><a href=\"https:\/\/zukunftimelsental.de\/?page_id=66\" class = \"hfe-menu-item\">Hommage an das Elsental<\/a><\/li>\n<\/ul> \n\t\t\t\t<\/nav>\n\t\t\t<\/div>\n\t\t\t\t\t\t\t<\/div>\n\t\t\t\t<\/div>\n\t\t\t\t<\/div>\n\t\t\t\t<\/div>\n\t\t<div class=\"elementor-element elementor-element-d0219c9 e-flex e-con-boxed e-con e-parent\" data-id=\"d0219c9\" data-element_type=\"container\">\n\t\t\t\t\t<div class=\"e-con-inner\">\n\t\t\t\t<div class=\"elementor-element elementor-element-5e707fb elementor-widget elementor-widget-spacer\" data-id=\"5e707fb\" data-element_type=\"widget\" data-widget_type=\"spacer.default\">\n\t\t\t\t<div class=\"elementor-widget-container\">\n\t\t\t\t\t\t\t<div class=\"elementor-spacer\">\n\t\t\t<div class=\"elementor-spacer-inner\"><\/div>\n\t\t<\/div>\n\t\t\t\t\t\t<\/div>\n\t\t\t\t<\/div>\n\t\t\t\t<div class=\"elementor-element elementor-element-8af504c elementor-widget elementor-widget-heading\" data-id=\"8af504c\" data-element_type=\"widget\" data-widget_type=\"heading.default\">\n\t\t\t\t<div class=\"elementor-widget-container\">\n\t\t\t\t\t<h2 class=\"elementor-heading-title elementor-size-default\">Wenn ich die V\u00f6gel h\u00f6re... - Gedanken zum Elsental<\/h2>\t\t\t\t<\/div>\n\t\t\t\t<\/div>\n\t\t\t\t\t<\/div>\n\t\t\t\t<\/div>\n\t\t<div class=\"elementor-element elementor-element-b058f84 e-flex e-con-boxed e-con e-parent\" data-id=\"b058f84\" data-element_type=\"container\">\n\t\t\t\t\t<div class=\"e-con-inner\">\n\t\t\t\t<div class=\"elementor-element elementor-element-398edc4 elementor-widget elementor-widget-text-editor\" data-id=\"398edc4\" data-element_type=\"widget\" data-widget_type=\"text-editor.default\">\n\t\t\t\t<div class=\"elementor-widget-container\">\n\t\t\t\t\t\t\t\t\t<p>Wenn ich die V\u00f6gel am Morgen im Elsental h\u00f6re, scheint mir die Zeit stille zu stehen. Die V\u00f6gel singen in diesem Tal schon seit hunderten von Jahren und sie werden aller Wahrscheinlichkeit nach auch weiter singen. Die B\u00e4che werden weiter pl\u00e4tschern und das wundersch\u00f6ne Spiel von Licht und Schatten wird weiter zu der besonderen Elsental-Atmosph\u00e4re beitragen. Welche Menschen haben fr\u00fcher im Elsental gelebt, die Weiden gem\u00e4ht die B\u00e4ume geschnitten und gef\u00e4llt, H\u00e4uschen gebaut und hier geschafft und gewirkt? Das habe ich mich schon \u00f6fters gefragt.<\/p><p>Vor ein paar Jahren habe ich Heide Mende-Kurz kennen gelernt. Sie sprach mich an und sagte mit tiefer Stimme: &#8222;Ich kenne Sie&#8220;. Ich kannte die Dame aus diesem Leben nicht, aber wir kamen darauf, dass ich im Elsental arbeite und lebe und so hatten wir eine gemeinsame Verbindung. Sie konnte mir viel aus den EIsentaler Jahren vor dem Krieg erz\u00e4hlen:<br \/>Heides Vater, Paul Kurz, hatte das Elsental 1923 gekauft. Er war ein Wahrheitssucher und arbeitete als Redakteur beim Schw\u00e4bischen Tagblatt. Mit seiner Frau Renate hatte er 6 Kinder. Immer wenn ein neues Kind auf die Welt kam, wurde das Haus ein wenig erweitert und angebaut. Seine Frau kam aus Petersburg, war in Jena aufgewachsen und durchdrungen vom Idealismus der Weimarer Goethezeit. Sie selbst war ausgebildet in Gartenbau und Tierhaltung. Das Elsental hie\u00df das &#8222;G\u00fctle&#8220;. Es wurde geg\u00e4rtnert, es wurden Schafe gehalten und dazu das untere Haus als Schafstall gebaut. Die eigene Schafwolle wurde gesponnen und es wurde gewebt oder gestrickt.<\/p><p>Allen Elsentalern, die die Jugendfarm kennen, t\u00f6nt das irgendwie bekannt&#8230;, aber die Geschichte vonHeide geht noch weiter:<br \/>Die Familie Kurz pflegte ein offenes Haus. Es waren oft Bauern aus der Umgebung eingeladen. Ausl\u00f6ser war die von Paul Kurz gestaltete Sonntagsausgabe des Schw\u00e4bischen Tagblatts. An Tapeziertischen sa\u00dfen alle beim Essen und haben sich gegenseitig Gedichte vorgetragen.<br \/>Es gab auch einen regen Austausch zu weltanschaulichen Themen. So trafen sich zu Gespr\u00e4chskreisen hier im Elsental der Christengemeinschaftspriester Emil Bock, Pfarrer Dauer (dessen Schwiegersohn J\u00f6rg Zink sp\u00e4ter die Jugendfarm M\u00f6hringen mitbegr\u00fcndete) und Tusk aus der Jugendbewegung (Eberhard Koebel, 1907-1955 in der Jugendbewegung unter seinem Namen Tusk &#8222;der Deutsche&#8220; bekannt, Gr\u00fcnder der deutschen Jungenschaft, Autor mehrer Fahrtenlieder, u.a. &#8222;\u00dcber meiner Heimat Fr\u00fchling&#8220;).<\/p><p>Das Leben im Elsental war gepr\u00e4gt von Weltoffenheit, vielen Kindern, der Natur und verschiedenen Tieren. Heide beschreibt auch, dass es im Elsental immer Platz f\u00fcr &#8222;schr\u00e4ge V\u00f6gel&#8220; gab &#8211; f\u00fcr Au\u00dfenseiter. Sie wurden einbezogen, waren mit am Tisch &#8211; und es wurde viel gesungen.<\/p><p>Diese Zeit endete im Krieg. Als schliesslich ein Aufkl\u00e4rungsflugzeug bei einem Gro\u00dfangriff auf Stuttgart eine Leuchtrakete abwarf, traf diese Rakete das Wohnhaus der Familie, unser sogenanntes Oberes Haus, und es brannte aus. Die Famile Kurz musste ausziehen. Mutter Kurz hat damals wohl gesagt: &#8222;Jetzt ist Raum f\u00fcr Neues.&#8220;<\/p><p>Nach dem Krieg, in der allgemeinen gro\u00dfen Wohnungsnot wurde das obere Haus notd\u00fcrftig renoviert und vermietet. Der alte Schafstall, das heutige alte Farmhaus oder ,,untere Haus&#8220; wurde ein bisschen isoliert und diente ebenfalls als Wohnh\u00e4uschen. Bei Renovierungen fanden wir<br \/>Zeitungspapier aus den fr\u00fchen 50er Jahren in Schichten \u00fcbereinander geklebt und als Isoliermaterial verbaut.<\/p><p>1957 kamen Thyra und Edgar ins Elsental und lebten dort bis 1976 eben in diesem Schafstall. Unser Elsental hat wohl schon immer Menschen angezogen, die sich mit \u00e4hnlichen Impulsen verbinden k\u00f6nnen. Vielleicht geh\u00f6ren diese Impulse nicht nur zu den Menschen sondern auch zum Elsental, zum kleinen Bach, zu Licht und Schatten, zu den V\u00f6gel &#8211; den Spatzen, die es von den D\u00e4chern pfeifen&#8230;<\/p>\t\t\t\t\t\t\t\t<\/div>\n\t\t\t\t<\/div>\n\t\t\t\t\t<\/div>\n\t\t\t\t<\/div>\n\t\t\t\t<\/div>\n\t\t","protected":false},"excerpt":{"rendered":"<p>Men\u00fc Startseite Der Verein Spenden Satzung Wie alles begann Entstehungsgeschichte Der Zeitgeist Pamphlete aus der Gr\u00fcndungszeit Generationenwechsel Impulse der Gr\u00fcndungszeit [&hellip;]<\/p>\n","protected":false},"author":1,"featured_media":0,"parent":0,"menu_order":0,"comment_status":"closed","ping_status":"closed","template":"","meta":{"site-sidebar-layout":"no-sidebar","site-content-layout":"","ast-site-content-layout":"full-width-container","site-content-style":"default","site-sidebar-style":"default","ast-global-header-display":"","ast-banner-title-visibility":"","ast-main-header-display":"","ast-hfb-above-header-display":"","ast-hfb-below-header-display":"","ast-hfb-mobile-header-display":"","site-post-title":"disabled","ast-breadcrumbs-content":"","ast-featured-img":"disabled","footer-sml-layout":"","ast-disable-related-posts":"","theme-transparent-header-meta":"","adv-header-id-meta":"","stick-header-meta":"","header-above-stick-meta":"","header-main-stick-meta":"","header-below-stick-meta":"","astra-migrate-meta-layouts":"default","ast-page-background-enabled":"default","ast-page-background-meta":{"desktop":{"background-color":"var(--ast-global-color-4)","background-image":"","background-repeat":"repeat","background-position":"center center","background-size":"auto","background-attachment":"scroll","background-type":"","background-media":"","overlay-type":"","overlay-color":"","overlay-opacity":"","overlay-gradient":""},"tablet":{"background-color":"","background-image":"","background-repeat":"repeat","background-position":"center center","background-size":"auto","background-attachment":"scroll","background-type":"","background-media":"","overlay-type":"","overlay-color":"","overlay-opacity":"","overlay-gradient":""},"mobile":{"background-color":"","background-image":"","background-repeat":"repeat","background-position":"center center","background-size":"auto","background-attachment":"scroll","background-type":"","background-media":"","overlay-type":"","overlay-color":"","overlay-opacity":"","overlay-gradient":""}},"ast-content-background-meta":{"desktop":{"background-color":"var(--ast-global-color-5)","background-image":"","background-repeat":"repeat","background-position":"center center","background-size":"auto","background-attachment":"scroll","background-type":"","background-media":"","overlay-type":"","overlay-color":"","overlay-opacity":"","overlay-gradient":""},"tablet":{"background-color":"var(--ast-global-color-5)","background-image":"","background-repeat":"repeat","background-position":"center center","background-size":"auto","background-attachment":"scroll","background-type":"","background-media":"","overlay-type":"","overlay-color":"","overlay-opacity":"","overlay-gradient":""},"mobile":{"background-color":"var(--ast-global-color-5)","background-image":"","background-repeat":"repeat","background-position":"center center","background-size":"auto","background-attachment":"scroll","background-type":"","background-media":"","overlay-type":"","overlay-color":"","overlay-opacity":"","overlay-gradient":""}},"footnotes":""},"_links":{"self":[{"href":"https:\/\/zukunftimelsental.de\/index.php?rest_route=\/wp\/v2\/pages\/66"}],"collection":[{"href":"https:\/\/zukunftimelsental.de\/index.php?rest_route=\/wp\/v2\/pages"}],"about":[{"href":"https:\/\/zukunftimelsental.de\/index.php?rest_route=\/wp\/v2\/types\/page"}],"author":[{"embeddable":true,"href":"https:\/\/zukunftimelsental.de\/index.php?rest_route=\/wp\/v2\/users\/1"}],"replies":[{"embeddable":true,"href":"https:\/\/zukunftimelsental.de\/index.php?rest_route=%2Fwp%2Fv2%2Fcomments&post=66"}],"version-history":[{"count":10,"href":"https:\/\/zukunftimelsental.de\/index.php?rest_route=\/wp\/v2\/pages\/66\/revisions"}],"predecessor-version":[{"id":629,"href":"https:\/\/zukunftimelsental.de\/index.php?rest_route=\/wp\/v2\/pages\/66\/revisions\/629"}],"wp:attachment":[{"href":"https:\/\/zukunftimelsental.de\/index.php?rest_route=%2Fwp%2Fv2%2Fmedia&parent=66"}],"curies":[{"name":"wp","href":"https:\/\/api.w.org\/{rel}","templated":true}]}}