{"id":60,"date":"2024-03-10T21:51:17","date_gmt":"2024-03-10T21:51:17","guid":{"rendered":"https:\/\/zukunftimelsental.de\/?page_id=60"},"modified":"2025-05-22T20:46:18","modified_gmt":"2025-05-22T20:46:18","slug":"wie-alles-begann","status":"publish","type":"page","link":"https:\/\/zukunftimelsental.de\/?page_id=60","title":{"rendered":"Wie alles begann"},"content":{"rendered":"\t\t<div data-elementor-type=\"wp-page\" data-elementor-id=\"60\" class=\"elementor elementor-60\">\n\t\t\t\t<div class=\"elementor-element elementor-element-1a7d481b e-con-full e-flex e-con e-parent\" data-id=\"1a7d481b\" data-element_type=\"container\" data-settings=\"{&quot;background_background&quot;:&quot;classic&quot;}\">\n\t\t<div class=\"elementor-element elementor-element-5db464ca e-con-full e-flex e-con e-child\" data-id=\"5db464ca\" data-element_type=\"container\">\n\t\t\t\t<div class=\"elementor-element elementor-element-24f35318 elementor-widget elementor-widget-image\" data-id=\"24f35318\" data-element_type=\"widget\" data-widget_type=\"image.default\">\n\t\t\t\t<div class=\"elementor-widget-container\">\n\t\t\t\t\t\t\t\t\t\t\t\t\t\t\t<img fetchpriority=\"high\" decoding=\"async\" width=\"768\" height=\"74\" src=\"https:\/\/zukunftimelsental.de\/wp-content\/uploads\/2024\/03\/Kopf-768x74.png\" class=\"attachment-medium_large size-medium_large wp-image-99\" alt=\"\" srcset=\"https:\/\/zukunftimelsental.de\/wp-content\/uploads\/2024\/03\/Kopf-768x74.png 768w, https:\/\/zukunftimelsental.de\/wp-content\/uploads\/2024\/03\/Kopf-300x29.png 300w, https:\/\/zukunftimelsental.de\/wp-content\/uploads\/2024\/03\/Kopf-1024x98.png 1024w, https:\/\/zukunftimelsental.de\/wp-content\/uploads\/2024\/03\/Kopf.png 1284w\" sizes=\"(max-width: 768px) 100vw, 768px\" \/>\t\t\t\t\t\t\t\t\t\t\t\t\t\t\t<\/div>\n\t\t\t\t<\/div>\n\t\t\t\t<\/div>\n\t\t<div class=\"elementor-element elementor-element-4b24b870 e-con-full e-flex e-con e-child\" data-id=\"4b24b870\" data-element_type=\"container\">\n\t\t\t\t<div class=\"elementor-element elementor-element-22c40fa4 hfe-nav-menu__align-right elementor-widget__width-initial hfe-submenu-icon-plus hfe-submenu-animation-none hfe-link-redirect-child hfe-nav-menu__breakpoint-tablet elementor-widget elementor-widget-navigation-menu\" data-id=\"22c40fa4\" data-element_type=\"widget\" data-settings=\"{&quot;padding_horizontal_menu_item&quot;:{&quot;unit&quot;:&quot;px&quot;,&quot;size&quot;:15,&quot;sizes&quot;:[]},&quot;padding_horizontal_menu_item_tablet&quot;:{&quot;unit&quot;:&quot;px&quot;,&quot;size&quot;:&quot;&quot;,&quot;sizes&quot;:[]},&quot;padding_horizontal_menu_item_mobile&quot;:{&quot;unit&quot;:&quot;px&quot;,&quot;size&quot;:&quot;&quot;,&quot;sizes&quot;:[]},&quot;padding_vertical_menu_item&quot;:{&quot;unit&quot;:&quot;px&quot;,&quot;size&quot;:15,&quot;sizes&quot;:[]},&quot;padding_vertical_menu_item_tablet&quot;:{&quot;unit&quot;:&quot;px&quot;,&quot;size&quot;:&quot;&quot;,&quot;sizes&quot;:[]},&quot;padding_vertical_menu_item_mobile&quot;:{&quot;unit&quot;:&quot;px&quot;,&quot;size&quot;:&quot;&quot;,&quot;sizes&quot;:[]},&quot;menu_space_between&quot;:{&quot;unit&quot;:&quot;px&quot;,&quot;size&quot;:&quot;&quot;,&quot;sizes&quot;:[]},&quot;menu_space_between_tablet&quot;:{&quot;unit&quot;:&quot;px&quot;,&quot;size&quot;:&quot;&quot;,&quot;sizes&quot;:[]},&quot;menu_space_between_mobile&quot;:{&quot;unit&quot;:&quot;px&quot;,&quot;size&quot;:&quot;&quot;,&quot;sizes&quot;:[]},&quot;menu_row_space&quot;:{&quot;unit&quot;:&quot;px&quot;,&quot;size&quot;:&quot;&quot;,&quot;sizes&quot;:[]},&quot;menu_row_space_tablet&quot;:{&quot;unit&quot;:&quot;px&quot;,&quot;size&quot;:&quot;&quot;,&quot;sizes&quot;:[]},&quot;menu_row_space_mobile&quot;:{&quot;unit&quot;:&quot;px&quot;,&quot;size&quot;:&quot;&quot;,&quot;sizes&quot;:[]},&quot;dropdown_border_radius&quot;:{&quot;unit&quot;:&quot;px&quot;,&quot;top&quot;:&quot;&quot;,&quot;right&quot;:&quot;&quot;,&quot;bottom&quot;:&quot;&quot;,&quot;left&quot;:&quot;&quot;,&quot;isLinked&quot;:true},&quot;dropdown_border_radius_tablet&quot;:{&quot;unit&quot;:&quot;px&quot;,&quot;top&quot;:&quot;&quot;,&quot;right&quot;:&quot;&quot;,&quot;bottom&quot;:&quot;&quot;,&quot;left&quot;:&quot;&quot;,&quot;isLinked&quot;:true},&quot;dropdown_border_radius_mobile&quot;:{&quot;unit&quot;:&quot;px&quot;,&quot;top&quot;:&quot;&quot;,&quot;right&quot;:&quot;&quot;,&quot;bottom&quot;:&quot;&quot;,&quot;left&quot;:&quot;&quot;,&quot;isLinked&quot;:true},&quot;width_dropdown_item&quot;:{&quot;unit&quot;:&quot;px&quot;,&quot;size&quot;:&quot;220&quot;,&quot;sizes&quot;:[]},&quot;width_dropdown_item_tablet&quot;:{&quot;unit&quot;:&quot;px&quot;,&quot;size&quot;:&quot;&quot;,&quot;sizes&quot;:[]},&quot;width_dropdown_item_mobile&quot;:{&quot;unit&quot;:&quot;px&quot;,&quot;size&quot;:&quot;&quot;,&quot;sizes&quot;:[]},&quot;padding_horizontal_dropdown_item&quot;:{&quot;unit&quot;:&quot;px&quot;,&quot;size&quot;:&quot;&quot;,&quot;sizes&quot;:[]},&quot;padding_horizontal_dropdown_item_tablet&quot;:{&quot;unit&quot;:&quot;px&quot;,&quot;size&quot;:&quot;&quot;,&quot;sizes&quot;:[]},&quot;padding_horizontal_dropdown_item_mobile&quot;:{&quot;unit&quot;:&quot;px&quot;,&quot;size&quot;:&quot;&quot;,&quot;sizes&quot;:[]},&quot;padding_vertical_dropdown_item&quot;:{&quot;unit&quot;:&quot;px&quot;,&quot;size&quot;:15,&quot;sizes&quot;:[]},&quot;padding_vertical_dropdown_item_tablet&quot;:{&quot;unit&quot;:&quot;px&quot;,&quot;size&quot;:&quot;&quot;,&quot;sizes&quot;:[]},&quot;padding_vertical_dropdown_item_mobile&quot;:{&quot;unit&quot;:&quot;px&quot;,&quot;size&quot;:&quot;&quot;,&quot;sizes&quot;:[]},&quot;distance_from_menu&quot;:{&quot;unit&quot;:&quot;px&quot;,&quot;size&quot;:&quot;&quot;,&quot;sizes&quot;:[]},&quot;distance_from_menu_tablet&quot;:{&quot;unit&quot;:&quot;px&quot;,&quot;size&quot;:&quot;&quot;,&quot;sizes&quot;:[]},&quot;distance_from_menu_mobile&quot;:{&quot;unit&quot;:&quot;px&quot;,&quot;size&quot;:&quot;&quot;,&quot;sizes&quot;:[]},&quot;toggle_size&quot;:{&quot;unit&quot;:&quot;px&quot;,&quot;size&quot;:&quot;&quot;,&quot;sizes&quot;:[]},&quot;toggle_size_tablet&quot;:{&quot;unit&quot;:&quot;px&quot;,&quot;size&quot;:&quot;&quot;,&quot;sizes&quot;:[]},&quot;toggle_size_mobile&quot;:{&quot;unit&quot;:&quot;px&quot;,&quot;size&quot;:&quot;&quot;,&quot;sizes&quot;:[]},&quot;toggle_border_width&quot;:{&quot;unit&quot;:&quot;px&quot;,&quot;size&quot;:&quot;&quot;,&quot;sizes&quot;:[]},&quot;toggle_border_width_tablet&quot;:{&quot;unit&quot;:&quot;px&quot;,&quot;size&quot;:&quot;&quot;,&quot;sizes&quot;:[]},&quot;toggle_border_width_mobile&quot;:{&quot;unit&quot;:&quot;px&quot;,&quot;size&quot;:&quot;&quot;,&quot;sizes&quot;:[]},&quot;toggle_border_radius&quot;:{&quot;unit&quot;:&quot;px&quot;,&quot;size&quot;:&quot;&quot;,&quot;sizes&quot;:[]},&quot;toggle_border_radius_tablet&quot;:{&quot;unit&quot;:&quot;px&quot;,&quot;size&quot;:&quot;&quot;,&quot;sizes&quot;:[]},&quot;toggle_border_radius_mobile&quot;:{&quot;unit&quot;:&quot;px&quot;,&quot;size&quot;:&quot;&quot;,&quot;sizes&quot;:[]}}\" data-widget_type=\"navigation-menu.default\">\n\t\t\t\t<div class=\"elementor-widget-container\">\n\t\t\t\t\t\t\t\t<div class=\"hfe-nav-menu hfe-layout-horizontal hfe-nav-menu-layout horizontal hfe-pointer__none\" data-layout=\"horizontal\">\n\t\t\t\t<div role=\"button\" class=\"hfe-nav-menu__toggle elementor-clickable\" tabindex=\"0\" aria-label=\"Menu Toggle\">\n\t\t\t\t\t<span class=\"screen-reader-text\">Men\u00fc<\/span>\n\t\t\t\t\t<div class=\"hfe-nav-menu-icon\">\n\t\t\t\t\t\t<svg aria-hidden=\"true\"  class=\"e-font-icon-svg e-fas-bars\" viewBox=\"0 0 448 512\" xmlns=\"http:\/\/www.w3.org\/2000\/svg\"><path d=\"M16 132h416c8.837 0 16-7.163 16-16V76c0-8.837-7.163-16-16-16H16C7.163 60 0 67.163 0 76v40c0 8.837 7.163 16 16 16zm0 160h416c8.837 0 16-7.163 16-16v-40c0-8.837-7.163-16-16-16H16c-8.837 0-16 7.163-16 16v40c0 8.837 7.163 16 16 16zm0 160h416c8.837 0 16-7.163 16-16v-40c0-8.837-7.163-16-16-16H16c-8.837 0-16 7.163-16 16v40c0 8.837 7.163 16 16 16z\"><\/path><\/svg>\t\t\t\t\t<\/div>\n\t\t\t\t<\/div>\n\t\t\t\t<nav class=\"hfe-nav-menu__layout-horizontal hfe-nav-menu__submenu-plus\" data-toggle-icon=\"&lt;svg aria-hidden=&quot;true&quot; tabindex=&quot;0&quot; class=&quot;e-font-icon-svg e-fas-bars&quot; viewBox=&quot;0 0 448 512&quot; xmlns=&quot;http:\/\/www.w3.org\/2000\/svg&quot;&gt;&lt;path d=&quot;M16 132h416c8.837 0 16-7.163 16-16V76c0-8.837-7.163-16-16-16H16C7.163 60 0 67.163 0 76v40c0 8.837 7.163 16 16 16zm0 160h416c8.837 0 16-7.163 16-16v-40c0-8.837-7.163-16-16-16H16c-8.837 0-16 7.163-16 16v40c0 8.837 7.163 16 16 16zm0 160h416c8.837 0 16-7.163 16-16v-40c0-8.837-7.163-16-16-16H16c-8.837 0-16 7.163-16 16v40c0 8.837 7.163 16 16 16z&quot;&gt;&lt;\/path&gt;&lt;\/svg&gt;\" data-close-icon=\"&lt;svg aria-hidden=&quot;true&quot; tabindex=&quot;0&quot; class=&quot;e-font-icon-svg e-far-window-close&quot; viewBox=&quot;0 0 512 512&quot; xmlns=&quot;http:\/\/www.w3.org\/2000\/svg&quot;&gt;&lt;path d=&quot;M464 32H48C21.5 32 0 53.5 0 80v352c0 26.5 21.5 48 48 48h416c26.5 0 48-21.5 48-48V80c0-26.5-21.5-48-48-48zm0 394c0 3.3-2.7 6-6 6H54c-3.3 0-6-2.7-6-6V86c0-3.3 2.7-6 6-6h404c3.3 0 6 2.7 6 6v340zM356.5 194.6L295.1 256l61.4 61.4c4.6 4.6 4.6 12.1 0 16.8l-22.3 22.3c-4.6 4.6-12.1 4.6-16.8 0L256 295.1l-61.4 61.4c-4.6 4.6-12.1 4.6-16.8 0l-22.3-22.3c-4.6-4.6-4.6-12.1 0-16.8l61.4-61.4-61.4-61.4c-4.6-4.6-4.6-12.1 0-16.8l22.3-22.3c4.6-4.6 12.1-4.6 16.8 0l61.4 61.4 61.4-61.4c4.6-4.6 12.1-4.6 16.8 0l22.3 22.3c4.7 4.6 4.7 12.1 0 16.8z&quot;&gt;&lt;\/path&gt;&lt;\/svg&gt;\" data-full-width=\"yes\">\n\t\t\t\t\t<ul id=\"menu-1-22c40fa4\" class=\"hfe-nav-menu\"><li id=\"menu-item-73\" class=\"menu-item menu-item-type-post_type menu-item-object-page menu-item-home parent hfe-creative-menu\"><a href=\"https:\/\/zukunftimelsental.de\/\" class = \"hfe-menu-item\">Startseite<\/a><\/li>\n<li id=\"menu-item-71\" class=\"menu-item menu-item-type-post_type menu-item-object-page menu-item-has-children parent hfe-has-submenu hfe-creative-menu\"><div class=\"hfe-has-submenu-container\" tabindex=\"0\" role=\"button\" aria-haspopup=\"true\" aria-expanded=\"false\"><a aria-expanded=\"false\" href=\"https:\/\/zukunftimelsental.de\/?page_id=58\" class = \"hfe-menu-item\">Der Verein<span class='hfe-menu-toggle sub-arrow hfe-menu-child-0'><i class='fa'><\/i><\/span><\/a><\/div>\n<ul class=\"sub-menu\">\n\t<li id=\"menu-item-262\" class=\"menu-item menu-item-type-post_type menu-item-object-page hfe-creative-menu\"><a href=\"https:\/\/zukunftimelsental.de\/?page_id=260\" class = \"hfe-sub-menu-item\">Spenden<\/a><\/li>\n\t<li id=\"menu-item-263\" class=\"menu-item menu-item-type-post_type menu-item-object-page hfe-creative-menu\"><a href=\"https:\/\/zukunftimelsental.de\/?page_id=258\" class = \"hfe-sub-menu-item\">Satzung<\/a><\/li>\n<\/ul>\n<\/li>\n<li id=\"menu-item-68\" class=\"menu-item menu-item-type-post_type menu-item-object-page menu-item-has-children parent hfe-has-submenu hfe-creative-menu\"><div class=\"hfe-has-submenu-container\" tabindex=\"0\" role=\"button\" aria-haspopup=\"true\" aria-expanded=\"false\"><a aria-expanded=\"false\" href=\"https:\/\/zukunftimelsental.de\/?page_id=60\" class = \"hfe-menu-item\">Wie alles begann<span class='hfe-menu-toggle sub-arrow hfe-menu-child-0'><i class='fa'><\/i><\/span><\/a><\/div>\n<ul class=\"sub-menu\">\n\t<li id=\"menu-item-305\" class=\"menu-item menu-item-type-post_type menu-item-object-page hfe-creative-menu\"><a href=\"https:\/\/zukunftimelsental.de\/?page_id=292\" class = \"hfe-sub-menu-item\">Der Zeitgeist<\/a><\/li>\n\t<li id=\"menu-item-303\" class=\"menu-item menu-item-type-post_type menu-item-object-page hfe-creative-menu\"><a href=\"https:\/\/zukunftimelsental.de\/?page_id=294\" class = \"hfe-sub-menu-item\">Pamphlete aus der Gr\u00fcndungszeit<\/a><\/li>\n\t<li id=\"menu-item-304\" class=\"menu-item menu-item-type-post_type menu-item-object-page hfe-creative-menu\"><a href=\"https:\/\/zukunftimelsental.de\/?page_id=296\" class = \"hfe-sub-menu-item\">Generationenwechsel<\/a><\/li>\n\t<li id=\"menu-item-306\" class=\"menu-item menu-item-type-post_type menu-item-object-page hfe-creative-menu\"><a href=\"https:\/\/zukunftimelsental.de\/?page_id=298\" class = \"hfe-sub-menu-item\">Impulse der Gr\u00fcndungszeit<\/a><\/li>\n\t<li id=\"menu-item-302\" class=\"menu-item menu-item-type-post_type menu-item-object-page hfe-creative-menu\"><a href=\"https:\/\/zukunftimelsental.de\/?page_id=300\" class = \"hfe-sub-menu-item\">P\u00e4dagogische Ideen<\/a><\/li>\n<\/ul>\n<\/li>\n<li id=\"menu-item-72\" class=\"menu-item menu-item-type-post_type menu-item-object-page parent hfe-creative-menu\"><a href=\"https:\/\/zukunftimelsental.de\/?page_id=62\" class = \"hfe-menu-item\">Biographisches<\/a><\/li>\n<li id=\"menu-item-69\" class=\"menu-item menu-item-type-post_type menu-item-object-page parent hfe-creative-menu\"><a href=\"https:\/\/zukunftimelsental.de\/?page_id=64\" class = \"hfe-menu-item\">Lieder zu den Jahreszeiten<\/a><\/li>\n<li id=\"menu-item-70\" class=\"menu-item menu-item-type-post_type menu-item-object-page parent hfe-creative-menu\"><a href=\"https:\/\/zukunftimelsental.de\/?page_id=66\" class = \"hfe-menu-item\">Hommage an das Elsental<\/a><\/li>\n<\/ul> \n\t\t\t\t<\/nav>\n\t\t\t<\/div>\n\t\t\t\t\t\t\t<\/div>\n\t\t\t\t<\/div>\n\t\t\t\t<\/div>\n\t\t\t\t<\/div>\n\t\t<div class=\"elementor-element elementor-element-85d4bad e-flex e-con-boxed e-con e-parent\" data-id=\"85d4bad\" data-element_type=\"container\">\n\t\t\t\t\t<div class=\"e-con-inner\">\n\t\t\t\t<div class=\"elementor-element elementor-element-22ff763b elementor-widget elementor-widget-spacer\" data-id=\"22ff763b\" data-element_type=\"widget\" data-widget_type=\"spacer.default\">\n\t\t\t\t<div class=\"elementor-widget-container\">\n\t\t\t\t\t\t\t<div class=\"elementor-spacer\">\n\t\t\t<div class=\"elementor-spacer-inner\"><\/div>\n\t\t<\/div>\n\t\t\t\t\t\t<\/div>\n\t\t\t\t<\/div>\n\t\t\t\t\t<\/div>\n\t\t\t\t<\/div>\n\t\t<div class=\"elementor-element elementor-element-21b0b40c e-flex e-con-boxed e-con e-parent\" data-id=\"21b0b40c\" data-element_type=\"container\">\n\t\t\t\t\t<div class=\"e-con-inner\">\n\t\t<div class=\"elementor-element elementor-element-7650210 e-con-full e-flex e-con e-child\" data-id=\"7650210\" data-element_type=\"container\">\n\t\t\t\t<div class=\"elementor-element elementor-element-76107be5 elementor-widget elementor-widget-heading\" data-id=\"76107be5\" data-element_type=\"widget\" data-widget_type=\"heading.default\">\n\t\t\t\t<div class=\"elementor-widget-container\">\n\t\t\t\t\t<h2 class=\"elementor-heading-title elementor-size-default\">Entstehungsgeschichte -so, wie die Bienen die Blumen finden<\/h2>\t\t\t\t<\/div>\n\t\t\t\t<\/div>\n\t\t\t\t<div class=\"elementor-element elementor-element-1eeabc48 elementor-widget__width-initial elementor-widget elementor-widget-text-editor\" data-id=\"1eeabc48\" data-element_type=\"widget\" data-widget_type=\"text-editor.default\">\n\t\t\t\t<div class=\"elementor-widget-container\">\n\t\t\t\t\t\t\t\t\t<p><img decoding=\"async\" class=\" wp-image-214 alignright\" src=\"https:\/\/zukunftimelsental.de\/wp-content\/uploads\/2024\/04\/ThyraBoehm-215x300.jpg\" alt=\"\" width=\"284\" height=\"396\" srcset=\"https:\/\/zukunftimelsental.de\/wp-content\/uploads\/2024\/04\/ThyraBoehm-215x300.jpg 215w, https:\/\/zukunftimelsental.de\/wp-content\/uploads\/2024\/04\/ThyraBoehm-734x1024.jpg 734w, https:\/\/zukunftimelsental.de\/wp-content\/uploads\/2024\/04\/ThyraBoehm-768x1072.jpg 768w, https:\/\/zukunftimelsental.de\/wp-content\/uploads\/2024\/04\/ThyraBoehm.jpg 917w\" sizes=\"(max-width: 284px) 100vw, 284px\" \/>Die erste Jugendfarm Deutschlands begann sich durch Thyra und Edgar Boehm seit 1962 im Elsental zu entwickeln. Mit Ponys hinterm Haus f\u00fcr die eigene Familie fing alles an. Und \u201ewie Bienen die Blumen, so finden Kinder Tiere&#8220; (Thyra Boehm).<\/p><p>1969 str\u00f6mten bis zu 300 Kinder w\u00f6chentlich aus der ganzen Umgebung ins Elsental zum Spielen, Mithelfen und Reiten, und nachdem keines weggeschickt wurde, entwickelte sich daraus nach und nach ein offenes Betreuungsangebot.<\/p><p>Im privaten Rahmen konnte das nicht weitergef\u00fchrt werden. Nach einigem Z\u00f6gern wurde ein Verein gegr\u00fcndet. Dieser Verein gab dem Geschehen im Elsental Rahmen und Namen.<\/p><p>1972 wurde im Elsental auf lnitiative von Thyra und Edgar Boehm hin der Bund der Jugendfarmen gegr\u00fcndet, mit der Intention, ein geistiges und kommunikatives Zentrum sowie eine Anlaufstelle f\u00fcr die neue Bewegung zu schaffen und bei der Gr\u00fcndung weiterer Jugendfarmen in Stuttgart und ganz Deutschland zu helfen. So hat die Jugendfarmbewegung in Deutschland ihren Ausgangspunkt im Elsental genommen und sich von da aus weiterentwickelt.<\/p><p>Charakteristisch f\u00fcr den unkonventionelle Schwung, der die Arbeit durchwehte ist der Slogan:<\/p>\t\t\t\t\t\t\t\t<\/div>\n\t\t\t\t<\/div>\n\t\t\t\t<div class=\"elementor-element elementor-element-30a7d9de elementor-widget elementor-widget-text-editor\" data-id=\"30a7d9de\" data-element_type=\"widget\" data-widget_type=\"text-editor.default\">\n\t\t\t\t<div class=\"elementor-widget-container\">\n\t\t\t\t\t\t\t\t\t<p><strong>Schmutzig aber gl\u00fccklich auf der Jugendfarm! Jede schmutzige Hose spart uns ne Neurose.<\/strong><\/p>\t\t\t\t\t\t\t\t<\/div>\n\t\t\t\t<\/div>\n\t\t\t\t<div class=\"elementor-element elementor-element-3f112752 elementor-widget__width-initial elementor-widget elementor-widget-text-editor\" data-id=\"3f112752\" data-element_type=\"widget\" data-widget_type=\"text-editor.default\">\n\t\t\t\t<div class=\"elementor-widget-container\">\n\t\t\t\t\t\t\t\t\t<p>Die Familie Boehm stand der Anthroposophie Rudolf Steiners nahe.Es wurde jedoch nie der Versuch unternommen eine anthroposophische Einrichtung zu begr\u0171nden. Vielmehr ist die Zeit der Entstehung der Farm von einer sehr individuellen und unkonventionellen Lebenseinstellung gepr\u00e4gt. Die Pionierphase im Elsental hat viele Jugendliche und junge Mitarbeiter auf ihrem Lebensweg nachhaltig beeinflusst. Es herrschte Aufbruchstimmung. Es wurde viel improvisiert, es wurde ausprobiert und es bildete sich das heraus, was wir heute als Stil, Atmosph\u00e4re und Grundgepr\u00e4ge der Arbeit der Jugendfarm Elsental kennen:<\/p>\t\t\t\t\t\t\t\t<\/div>\n\t\t\t\t<\/div>\n\t\t\t\t<div class=\"elementor-element elementor-element-60e35605 elementor-widget elementor-widget-text-editor\" data-id=\"60e35605\" data-element_type=\"widget\" data-widget_type=\"text-editor.default\">\n\t\t\t\t<div class=\"elementor-widget-container\">\n\t\t\t\t\t\t\t\t\t<p style=\"text-align: center;\"><strong>&#8222;Herzlich Willkommen!&#8220;<\/strong><\/p>\t\t\t\t\t\t\t\t<\/div>\n\t\t\t\t<\/div>\n\t\t\t\t<div class=\"elementor-element elementor-element-3a435fe elementor-widget__width-initial elementor-widget elementor-widget-text-editor\" data-id=\"3a435fe\" data-element_type=\"widget\" data-widget_type=\"text-editor.default\">\n\t\t\t\t<div class=\"elementor-widget-container\">\n\t\t\t\t\t\t\t\t\t<p><img decoding=\"async\" class=\"alignleft wp-image-652\" src=\"https:\/\/zukunftimelsental.de\/wp-content\/uploads\/2025\/05\/Schubkarre-300x190.jpg\" alt=\"\" width=\"363\" height=\"230\" srcset=\"https:\/\/zukunftimelsental.de\/wp-content\/uploads\/2025\/05\/Schubkarre-300x190.jpg 300w, https:\/\/zukunftimelsental.de\/wp-content\/uploads\/2025\/05\/Schubkarre-1024x648.jpg 1024w, https:\/\/zukunftimelsental.de\/wp-content\/uploads\/2025\/05\/Schubkarre-768x486.jpg 768w, https:\/\/zukunftimelsental.de\/wp-content\/uploads\/2025\/05\/Schubkarre.jpg 1280w\" sizes=\"(max-width: 363px) 100vw, 363px\" \/>Thyra leitete die Farm im Elsental bis 1986. Durch ihr Handeln entstand das, was wir heute Farmp\u00e4dagogik nennen.<\/p><p>Edgar Boehm engagierte sich bis zu seinem Tod im Jahre 1984 als 1. Vorsitzender des Bundes der Jugendfarmen f\u00fcr die Ausbreitung der Idee Jugendfarm in ganz Deutschland.<\/p><p>Sein Verdienst ist es, dass die Jugendfarmbewegung 1969 sich ausbreiten konnte, die Idee bekannt wurde und die Arbeit einen finanziellen und rechtlichen Rahmen bekam.<\/p><p>Die wesentlichen der urspr\u00fcnglichen Leitgedanken sind noch heute Grundmotive aller Jugendfarmen:<\/p><p><strong>Offenheit, Kostenfreiheit, Schaffung von Freir\u00e4umen, Erm\u00f6glichen von Prim\u00e4rerfahrungen.<\/strong><\/p><p>In den ersten 10 Jahren wurde viel \u00d6ffentlichkeitsarbeit geleistet und neuen Pl\u00e4tzen Gr\u00fcndungshilfen gegeben. Oft waren es Gespr\u00e4che am K\u00fcchentisch und im Wohnzimmer, die Menschen inspirierten, einen eigenen Platz zu gr\u00fcnden. Es war jedoch nicht die Zeit der Konzeptionsentwicklung. Das Ereignis Jugendfarm wurde einfach gelebt. Die Notwendigkeiten rund um die Tiere und Kinder bestimmten das Handeln und Schaffen, es gab keine geregelten Arbeitszeiten. Man arbeitete, solange es Arbeit gab &#8211; und die geht in solchen Zeiten nie aus.<\/p><p>Getragen war die Arbeit von dem Impuls, der in einem Flugblatt der 70er Jahre wie folgt beschrieben ist:<\/p><p>\u00a0<\/p>\t\t\t\t\t\t\t\t<\/div>\n\t\t\t\t<\/div>\n\t\t\t\t<div class=\"elementor-element elementor-element-6a215c73 elementor-widget__width-initial elementor-widget elementor-widget-text-editor\" data-id=\"6a215c73\" data-element_type=\"widget\" data-widget_type=\"text-editor.default\">\n\t\t\t\t<div class=\"elementor-widget-container\">\n\t\t\t\t\t\t\t\t\t<p><strong>WAS WIR WOLLEN:<\/strong><\/p><p><strong>Kindern und Jugendlichen, unabh\u00e4ngig von deren wirtschaftlichen und sozialen Voraussetzungen helfen, in freiem Spiel ihre sch\u00f6pferischen und handwerklichen Anlagen zu entfalten, in spielenden und arbeitenden Gruppen F\u00e4higkeiten zum Zusammenleben zu entwickeln und in verantwortlichem Umgang mit Tieren und Natur ein gesundes Verh\u00e4ltnis zur Umwelt zu gewinnen.<\/strong><\/p>\t\t\t\t\t\t\t\t<\/div>\n\t\t\t\t<\/div>\n\t\t\t\t<\/div>\n\t\t\t\t\t<\/div>\n\t\t\t\t<\/div>\n\t\t<div class=\"elementor-element elementor-element-2ecd452 e-con-full e-flex e-con e-parent\" data-id=\"2ecd452\" data-element_type=\"container\">\n\t\t\t\t<div class=\"elementor-element elementor-element-47263bf7 elementor-widget elementor-widget-image\" data-id=\"47263bf7\" data-element_type=\"widget\" data-widget_type=\"image.default\">\n\t\t\t\t<div class=\"elementor-widget-container\">\n\t\t\t\t\t\t\t\t\t\t\t\t\t\t\t<img loading=\"lazy\" decoding=\"async\" width=\"768\" height=\"332\" src=\"https:\/\/zukunftimelsental.de\/wp-content\/uploads\/2024\/07\/Farmhausfrei-768x332.png\" class=\"attachment-medium_large size-medium_large wp-image-504\" alt=\"\" srcset=\"https:\/\/zukunftimelsental.de\/wp-content\/uploads\/2024\/07\/Farmhausfrei-768x332.png 768w, https:\/\/zukunftimelsental.de\/wp-content\/uploads\/2024\/07\/Farmhausfrei-300x130.png 300w, https:\/\/zukunftimelsental.de\/wp-content\/uploads\/2024\/07\/Farmhausfrei-1024x442.png 1024w, https:\/\/zukunftimelsental.de\/wp-content\/uploads\/2024\/07\/Farmhausfrei-1536x663.png 1536w, https:\/\/zukunftimelsental.de\/wp-content\/uploads\/2024\/07\/Farmhausfrei-2048x884.png 2048w\" sizes=\"(max-width: 768px) 100vw, 768px\" \/>\t\t\t\t\t\t\t\t\t\t\t\t\t\t\t<\/div>\n\t\t\t\t<\/div>\n\t\t\t\t<\/div>\n\t\t\t\t<\/div>\n\t\t","protected":false},"excerpt":{"rendered":"<p>Men\u00fc Startseite Der Verein Spenden Satzung Wie alles begann Der Zeitgeist Pamphlete aus der Gr\u00fcndungszeit Generationenwechsel Impulse der Gr\u00fcndungszeit P\u00e4dagogische [&hellip;]<\/p>\n","protected":false},"author":1,"featured_media":0,"parent":0,"menu_order":0,"comment_status":"closed","ping_status":"closed","template":"","meta":{"site-sidebar-layout":"no-sidebar","site-content-layout":"","ast-site-content-layout":"full-width-container","site-content-style":"default","site-sidebar-style":"default","ast-global-header-display":"","ast-banner-title-visibility":"","ast-main-header-display":"","ast-hfb-above-header-display":"","ast-hfb-below-header-display":"","ast-hfb-mobile-header-display":"","site-post-title":"disabled","ast-breadcrumbs-content":"","ast-featured-img":"disabled","footer-sml-layout":"","ast-disable-related-posts":"","theme-transparent-header-meta":"","adv-header-id-meta":"","stick-header-meta":"","header-above-stick-meta":"","header-main-stick-meta":"","header-below-stick-meta":"","astra-migrate-meta-layouts":"default","ast-page-background-enabled":"default","ast-page-background-meta":{"desktop":{"background-color":"var(--ast-global-color-4)","background-image":"","background-repeat":"repeat","background-position":"center center","background-size":"auto","background-attachment":"scroll","background-type":"","background-media":"","overlay-type":"","overlay-color":"","overlay-opacity":"","overlay-gradient":""},"tablet":{"background-color":"","background-image":"","background-repeat":"repeat","background-position":"center center","background-size":"auto","background-attachment":"scroll","background-type":"","background-media":"","overlay-type":"","overlay-color":"","overlay-opacity":"","overlay-gradient":""},"mobile":{"background-color":"","background-image":"","background-repeat":"repeat","background-position":"center center","background-size":"auto","background-attachment":"scroll","background-type":"","background-media":"","overlay-type":"","overlay-color":"","overlay-opacity":"","overlay-gradient":""}},"ast-content-background-meta":{"desktop":{"background-color":"var(--ast-global-color-5)","background-image":"","background-repeat":"repeat","background-position":"center center","background-size":"auto","background-attachment":"scroll","background-type":"","background-media":"","overlay-type":"","overlay-color":"","overlay-opacity":"","overlay-gradient":""},"tablet":{"background-color":"var(--ast-global-color-5)","background-image":"","background-repeat":"repeat","background-position":"center center","background-size":"auto","background-attachment":"scroll","background-type":"","background-media":"","overlay-type":"","overlay-color":"","overlay-opacity":"","overlay-gradient":""},"mobile":{"background-color":"var(--ast-global-color-5)","background-image":"","background-repeat":"repeat","background-position":"center center","background-size":"auto","background-attachment":"scroll","background-type":"","background-media":"","overlay-type":"","overlay-color":"","overlay-opacity":"","overlay-gradient":""}},"footnotes":""},"_links":{"self":[{"href":"https:\/\/zukunftimelsental.de\/index.php?rest_route=\/wp\/v2\/pages\/60"}],"collection":[{"href":"https:\/\/zukunftimelsental.de\/index.php?rest_route=\/wp\/v2\/pages"}],"about":[{"href":"https:\/\/zukunftimelsental.de\/index.php?rest_route=\/wp\/v2\/types\/page"}],"author":[{"embeddable":true,"href":"https:\/\/zukunftimelsental.de\/index.php?rest_route=\/wp\/v2\/users\/1"}],"replies":[{"embeddable":true,"href":"https:\/\/zukunftimelsental.de\/index.php?rest_route=%2Fwp%2Fv2%2Fcomments&post=60"}],"version-history":[{"count":32,"href":"https:\/\/zukunftimelsental.de\/index.php?rest_route=\/wp\/v2\/pages\/60\/revisions"}],"predecessor-version":[{"id":659,"href":"https:\/\/zukunftimelsental.de\/index.php?rest_route=\/wp\/v2\/pages\/60\/revisions\/659"}],"wp:attachment":[{"href":"https:\/\/zukunftimelsental.de\/index.php?rest_route=%2Fwp%2Fv2%2Fmedia&parent=60"}],"curies":[{"name":"wp","href":"https:\/\/api.w.org\/{rel}","templated":true}]}}